{"id":2618,"date":"2024-12-17T12:06:42","date_gmt":"2024-12-17T17:06:42","guid":{"rendered":"https:\/\/kimjonesusa.com\/perla-ventura\/"},"modified":"2024-12-17T12:09:16","modified_gmt":"2024-12-17T17:09:16","slug":"perla-ventura","status":"publish","type":"page","link":"https:\/\/kimjonesusa.com\/es\/perla-ventura\/","title":{"rendered":"Perla Ventura"},"content":{"rendered":"\t\t<div data-elementor-type=\"wp-page\" data-elementor-id=\"2618\" class=\"elementor elementor-2618 elementor-2611\" data-elementor-post-type=\"page\">\n\t\t\t\t<div class=\"elementor-element elementor-element-404731b5 e-flex e-con-boxed e-con e-parent\" data-id=\"404731b5\" data-element_type=\"container\" data-e-type=\"container\" data-settings=\"{&quot;background_background&quot;:&quot;classic&quot;}\">\n\t\t\t\t\t<div class=\"e-con-inner\">\n\t\t<div class=\"elementor-element elementor-element-5a4ddf4c e-flex e-con-boxed e-con e-child\" data-id=\"5a4ddf4c\" data-element_type=\"container\" data-e-type=\"container\" data-settings=\"{&quot;background_background&quot;:&quot;classic&quot;}\">\n\t\t\t\t\t<div class=\"e-con-inner\">\n\t\t<div class=\"elementor-element elementor-element-33722752 e-con-full e-flex e-con e-child\" data-id=\"33722752\" data-element_type=\"container\" data-e-type=\"container\">\n\t\t<div class=\"elementor-element elementor-element-6d30580e e-flex e-con-boxed e-con e-child\" data-id=\"6d30580e\" data-element_type=\"container\" data-e-type=\"container\">\n\t\t\t\t\t<div class=\"e-con-inner\">\n\t\t\t\t<div class=\"elementor-element elementor-element-5db50663 elementor-widget elementor-widget-image\" data-id=\"5db50663\" data-element_type=\"widget\" data-e-type=\"widget\" data-widget_type=\"image.default\">\n\t\t\t\t<div class=\"elementor-widget-container\">\n\t\t\t\t\t\t\t\t\t\t\t\t\t\t\t<img fetchpriority=\"high\" decoding=\"async\" width=\"455\" height=\"647\" src=\"https:\/\/kimjonesusa.com\/wp-content\/uploads\/2024\/12\/Perla-1920w.webp\" class=\"attachment-full size-full wp-image-2614\" alt=\"Perla-1920w\" srcset=\"https:\/\/kimjonesusa.com\/wp-content\/uploads\/2024\/12\/Perla-1920w.webp 455w, https:\/\/kimjonesusa.com\/wp-content\/uploads\/2024\/12\/Perla-1920w-211x300.webp 211w\" sizes=\"(max-width: 455px) 100vw, 455px\" \/>\t\t\t\t\t\t\t\t\t\t\t\t\t\t\t<\/div>\n\t\t\t\t<\/div>\n\t\t\t\t\t<\/div>\n\t\t\t\t<\/div>\n\t\t<div class=\"elementor-element elementor-element-1f8150ad e-flex e-con-boxed e-con e-child\" data-id=\"1f8150ad\" data-element_type=\"container\" data-e-type=\"container\">\n\t\t\t\t\t<div class=\"e-con-inner\">\n\t\t\t\t<div class=\"elementor-element elementor-element-472768dd elementor-widget elementor-widget-heading\" data-id=\"472768dd\" data-element_type=\"widget\" data-e-type=\"widget\" data-widget_type=\"heading.default\">\n\t\t\t\t<div class=\"elementor-widget-container\">\n\t\t\t\t\t<h2 class=\"elementor-heading-title elementor-size-default\">Perla Ventura\n<\/h2>\t\t\t\t<\/div>\n\t\t\t\t<\/div>\n\t\t<div class=\"elementor-element elementor-element-4404c4c e-flex e-con-boxed e-con e-child\" data-id=\"4404c4c\" data-element_type=\"container\" data-e-type=\"container\">\n\t\t\t\t\t<div class=\"e-con-inner\">\n\t\t\t\t<div class=\"elementor-element elementor-element-75ce08eb elementor-widget elementor-widget-heading\" data-id=\"75ce08eb\" data-element_type=\"widget\" data-e-type=\"widget\" data-widget_type=\"heading.default\">\n\t\t\t\t<div class=\"elementor-widget-container\">\n\t\t\t\t\t<h2 class=\"elementor-heading-title elementor-size-default\">Asistente legal\n<\/h2>\t\t\t\t<\/div>\n\t\t\t\t<\/div>\n\t\t\t\t\t<\/div>\n\t\t\t\t<\/div>\n\t\t\t\t<div class=\"elementor-element elementor-element-3313b45 elementor-widget elementor-widget-text-editor\" data-id=\"3313b45\" data-element_type=\"widget\" data-e-type=\"widget\" data-widget_type=\"text-editor.default\">\n\t\t\t\t<div class=\"elementor-widget-container\">\n\t\t\t\t\t\t\t\t\t<p>Perla es de Honduras, tiene un don natural para servir a las personas, especialmente a aquellas que est\u00e1n en una situaci\u00f3n dif\u00edcil. Se dedica a su trabajo, se mantiene organizada y facilita la vida de todos.<\/p><p>Tiene m\u00e1s de 6 a\u00f1os de experiencia en diversas \u00e1reas, como ventas, servicio al cliente y marketing. Ella se asegurar\u00e1 de guiarte paso a paso en tu proceso para que sea lo m\u00e1s sencillo posible.<\/p>\t\t\t\t\t\t\t\t<\/div>\n\t\t\t\t<\/div>\n\t\t\t\t\t<\/div>\n\t\t\t\t<\/div>\n\t\t\t\t<\/div>\n\t\t\t\t\t<\/div>\n\t\t\t\t<\/div>\n\t\t\t\t\t<\/div>\n\t\t\t\t<\/div>\n\t\t\t\t<\/div>\n\t\t","protected":false},"excerpt":{"rendered":"<p>Perla Ventura Asistente legal Perla es de Honduras, tiene un don natural para servir a las personas, especialmente a aquellas que est\u00e1n en una situaci\u00f3n dif\u00edcil. Se dedica a su trabajo, se mantiene organizada y facilita la vida de todos. Tiene m\u00e1s de 6 a\u00f1os de experiencia en diversas \u00e1reas, como ventas, servicio al cliente [&hellip;]<\/p>\n","protected":false},"author":2,"featured_media":0,"parent":0,"menu_order":0,"comment_status":"closed","ping_status":"closed","template":"","meta":{"footnotes":""},"class_list":["post-2618","page","type-page","status-publish","hentry"],"yoast_head":"<!-- This site is optimized with the Yoast SEO plugin v27.4 - https:\/\/yoast.com\/product\/yoast-seo-wordpress\/ -->\n<title>Perla Ventura - kimjonesusa<\/title>\n<meta name=\"robots\" content=\"index, follow, max-snippet:-1, max-image-preview:large, max-video-preview:-1\" \/>\n<link rel=\"canonical\" href=\"https:\/\/kimjonesusa.com\/es\/perla-ventura\/\" \/>\n<meta property=\"og:locale\" content=\"es_ES\" \/>\n<meta property=\"og:type\" content=\"article\" \/>\n<meta property=\"og:title\" content=\"Perla Ventura - kimjonesusa\" \/>\n<meta property=\"og:description\" content=\"Perla Ventura Asistente legal Perla es de Honduras, tiene un don natural para servir a las personas, especialmente a aquellas que est\u00e1n en una situaci\u00f3n dif\u00edcil. Se dedica a su trabajo, se mantiene organizada y facilita la vida de todos. Tiene m\u00e1s de 6 a\u00f1os de experiencia en diversas \u00e1reas, como ventas, servicio al cliente [&hellip;]\" \/>\n<meta property=\"og:url\" content=\"https:\/\/kimjonesusa.com\/es\/perla-ventura\/\" \/>\n<meta property=\"og:site_name\" content=\"kimjonesusa\" \/>\n<meta property=\"article:modified_time\" content=\"2024-12-17T17:09:16+00:00\" \/>\n<meta property=\"og:image\" content=\"https:\/\/kimjonesusa.com\/wp-content\/uploads\/2024\/12\/Perla-1920w.webp\" \/>\n\t<meta property=\"og:image:width\" content=\"455\" \/>\n\t<meta property=\"og:image:height\" content=\"647\" \/>\n\t<meta property=\"og:image:type\" content=\"image\/webp\" \/>\n<meta name=\"twitter:card\" content=\"summary_large_image\" \/>\n<meta name=\"twitter:label1\" content=\"Tiempo de lectura\" \/>\n\t<meta name=\"twitter:data1\" content=\"1 minuto\" \/>\n<script type=\"application\/ld+json\" class=\"yoast-schema-graph\">{\"@context\":\"https:\\\/\\\/schema.org\",\"@graph\":[{\"@type\":\"WebPage\",\"@id\":\"https:\\\/\\\/kimjonesusa.com\\\/es\\\/perla-ventura\\\/\",\"url\":\"https:\\\/\\\/kimjonesusa.com\\\/es\\\/perla-ventura\\\/\",\"name\":\"Perla Ventura - kimjonesusa\",\"isPartOf\":{\"@id\":\"https:\\\/\\\/kimjonesusa.com\\\/es\\\/#website\"},\"primaryImageOfPage\":{\"@id\":\"https:\\\/\\\/kimjonesusa.com\\\/es\\\/perla-ventura\\\/#primaryimage\"},\"image\":{\"@id\":\"https:\\\/\\\/kimjonesusa.com\\\/es\\\/perla-ventura\\\/#primaryimage\"},\"thumbnailUrl\":\"https:\\\/\\\/kimjonesusa.com\\\/wp-content\\\/uploads\\\/2024\\\/12\\\/Perla-1920w.webp\",\"datePublished\":\"2024-12-17T17:06:42+00:00\",\"dateModified\":\"2024-12-17T17:09:16+00:00\",\"breadcrumb\":{\"@id\":\"https:\\\/\\\/kimjonesusa.com\\\/es\\\/perla-ventura\\\/#breadcrumb\"},\"inLanguage\":\"es\",\"potentialAction\":[{\"@type\":\"ReadAction\",\"target\":[\"https:\\\/\\\/kimjonesusa.com\\\/es\\\/perla-ventura\\\/\"]}]},{\"@type\":\"ImageObject\",\"inLanguage\":\"es\",\"@id\":\"https:\\\/\\\/kimjonesusa.com\\\/es\\\/perla-ventura\\\/#primaryimage\",\"url\":\"https:\\\/\\\/kimjonesusa.com\\\/wp-content\\\/uploads\\\/2024\\\/12\\\/Perla-1920w.webp\",\"contentUrl\":\"https:\\\/\\\/kimjonesusa.com\\\/wp-content\\\/uploads\\\/2024\\\/12\\\/Perla-1920w.webp\"},{\"@type\":\"BreadcrumbList\",\"@id\":\"https:\\\/\\\/kimjonesusa.com\\\/es\\\/perla-ventura\\\/#breadcrumb\",\"itemListElement\":[{\"@type\":\"ListItem\",\"position\":1,\"name\":\"Home\",\"item\":\"https:\\\/\\\/kimjonesusa.com\\\/es\\\/\"},{\"@type\":\"ListItem\",\"position\":2,\"name\":\"Perla Ventura\"}]},{\"@type\":\"WebSite\",\"@id\":\"https:\\\/\\\/kimjonesusa.com\\\/es\\\/#website\",\"url\":\"https:\\\/\\\/kimjonesusa.com\\\/es\\\/\",\"name\":\"kimjonesusa\",\"description\":\"\",\"potentialAction\":[{\"@type\":\"SearchAction\",\"target\":{\"@type\":\"EntryPoint\",\"urlTemplate\":\"https:\\\/\\\/kimjonesusa.com\\\/es\\\/?s={search_term_string}\"},\"query-input\":{\"@type\":\"PropertyValueSpecification\",\"valueRequired\":true,\"valueName\":\"search_term_string\"}}],\"inLanguage\":\"es\"}]}<\/script>\n<!-- \/ Yoast SEO plugin. -->","yoast_head_json":{"title":"Perla Ventura - kimjonesusa","robots":{"index":"index","follow":"follow","max-snippet":"max-snippet:-1","max-image-preview":"max-image-preview:large","max-video-preview":"max-video-preview:-1"},"canonical":"https:\/\/kimjonesusa.com\/es\/perla-ventura\/","og_locale":"es_ES","og_type":"article","og_title":"Perla Ventura - kimjonesusa","og_description":"Perla Ventura Asistente legal Perla es de Honduras, tiene un don natural para servir a las personas, especialmente a aquellas que est\u00e1n en una situaci\u00f3n dif\u00edcil. Se dedica a su trabajo, se mantiene organizada y facilita la vida de todos. Tiene m\u00e1s de 6 a\u00f1os de experiencia en diversas \u00e1reas, como ventas, servicio al cliente [&hellip;]","og_url":"https:\/\/kimjonesusa.com\/es\/perla-ventura\/","og_site_name":"kimjonesusa","article_modified_time":"2024-12-17T17:09:16+00:00","og_image":[{"width":455,"height":647,"url":"https:\/\/kimjonesusa.com\/wp-content\/uploads\/2024\/12\/Perla-1920w.webp","type":"image\/webp"}],"twitter_card":"summary_large_image","twitter_misc":{"Tiempo de lectura":"1 minuto"},"schema":{"@context":"https:\/\/schema.org","@graph":[{"@type":"WebPage","@id":"https:\/\/kimjonesusa.com\/es\/perla-ventura\/","url":"https:\/\/kimjonesusa.com\/es\/perla-ventura\/","name":"Perla Ventura - kimjonesusa","isPartOf":{"@id":"https:\/\/kimjonesusa.com\/es\/#website"},"primaryImageOfPage":{"@id":"https:\/\/kimjonesusa.com\/es\/perla-ventura\/#primaryimage"},"image":{"@id":"https:\/\/kimjonesusa.com\/es\/perla-ventura\/#primaryimage"},"thumbnailUrl":"https:\/\/kimjonesusa.com\/wp-content\/uploads\/2024\/12\/Perla-1920w.webp","datePublished":"2024-12-17T17:06:42+00:00","dateModified":"2024-12-17T17:09:16+00:00","breadcrumb":{"@id":"https:\/\/kimjonesusa.com\/es\/perla-ventura\/#breadcrumb"},"inLanguage":"es","potentialAction":[{"@type":"ReadAction","target":["https:\/\/kimjonesusa.com\/es\/perla-ventura\/"]}]},{"@type":"ImageObject","inLanguage":"es","@id":"https:\/\/kimjonesusa.com\/es\/perla-ventura\/#primaryimage","url":"https:\/\/kimjonesusa.com\/wp-content\/uploads\/2024\/12\/Perla-1920w.webp","contentUrl":"https:\/\/kimjonesusa.com\/wp-content\/uploads\/2024\/12\/Perla-1920w.webp"},{"@type":"BreadcrumbList","@id":"https:\/\/kimjonesusa.com\/es\/perla-ventura\/#breadcrumb","itemListElement":[{"@type":"ListItem","position":1,"name":"Home","item":"https:\/\/kimjonesusa.com\/es\/"},{"@type":"ListItem","position":2,"name":"Perla Ventura"}]},{"@type":"WebSite","@id":"https:\/\/kimjonesusa.com\/es\/#website","url":"https:\/\/kimjonesusa.com\/es\/","name":"kimjonesusa","description":"","potentialAction":[{"@type":"SearchAction","target":{"@type":"EntryPoint","urlTemplate":"https:\/\/kimjonesusa.com\/es\/?s={search_term_string}"},"query-input":{"@type":"PropertyValueSpecification","valueRequired":true,"valueName":"search_term_string"}}],"inLanguage":"es"}]}},"_links":{"self":[{"href":"https:\/\/kimjonesusa.com\/es\/wp-json\/wp\/v2\/pages\/2618","targetHints":{"allow":["GET"]}}],"collection":[{"href":"https:\/\/kimjonesusa.com\/es\/wp-json\/wp\/v2\/pages"}],"about":[{"href":"https:\/\/kimjonesusa.com\/es\/wp-json\/wp\/v2\/types\/page"}],"author":[{"embeddable":true,"href":"https:\/\/kimjonesusa.com\/es\/wp-json\/wp\/v2\/users\/2"}],"replies":[{"embeddable":true,"href":"https:\/\/kimjonesusa.com\/es\/wp-json\/wp\/v2\/comments?post=2618"}],"version-history":[{"count":3,"href":"https:\/\/kimjonesusa.com\/es\/wp-json\/wp\/v2\/pages\/2618\/revisions"}],"predecessor-version":[{"id":2621,"href":"https:\/\/kimjonesusa.com\/es\/wp-json\/wp\/v2\/pages\/2618\/revisions\/2621"}],"wp:attachment":[{"href":"https:\/\/kimjonesusa.com\/es\/wp-json\/wp\/v2\/media?parent=2618"}],"curies":[{"name":"wp","href":"https:\/\/api.w.org\/{rel}","templated":true}]}}