{"id":2629,"date":"2024-12-17T12:09:49","date_gmt":"2024-12-17T17:09:49","guid":{"rendered":"https:\/\/kimjonesusa.com\/karol-lopez\/"},"modified":"2024-12-17T12:14:25","modified_gmt":"2024-12-17T17:14:25","slug":"karol-lopez","status":"publish","type":"page","link":"https:\/\/kimjonesusa.com\/es\/karol-lopez\/","title":{"rendered":"Karol L\u00f3pez"},"content":{"rendered":"\t\t<div data-elementor-type=\"wp-page\" data-elementor-id=\"2629\" class=\"elementor elementor-2629 elementor-2622\" data-elementor-post-type=\"page\">\n\t\t\t\t<div class=\"elementor-element elementor-element-404731b5 e-flex e-con-boxed e-con e-parent\" data-id=\"404731b5\" data-element_type=\"container\" data-e-type=\"container\" data-settings=\"{&quot;background_background&quot;:&quot;classic&quot;}\">\n\t\t\t\t\t<div class=\"e-con-inner\">\n\t\t<div class=\"elementor-element elementor-element-5a4ddf4c e-flex e-con-boxed e-con e-child\" data-id=\"5a4ddf4c\" data-element_type=\"container\" data-e-type=\"container\" data-settings=\"{&quot;background_background&quot;:&quot;classic&quot;}\">\n\t\t\t\t\t<div class=\"e-con-inner\">\n\t\t<div class=\"elementor-element elementor-element-33722752 e-con-full e-flex e-con e-child\" data-id=\"33722752\" data-element_type=\"container\" data-e-type=\"container\">\n\t\t<div class=\"elementor-element elementor-element-6d30580e e-flex e-con-boxed e-con e-child\" data-id=\"6d30580e\" data-element_type=\"container\" data-e-type=\"container\">\n\t\t\t\t\t<div class=\"e-con-inner\">\n\t\t\t\t<div class=\"elementor-element elementor-element-5db50663 elementor-widget elementor-widget-image\" data-id=\"5db50663\" data-element_type=\"widget\" data-e-type=\"widget\" data-widget_type=\"image.default\">\n\t\t\t\t<div class=\"elementor-widget-container\">\n\t\t\t\t\t\t\t\t\t\t\t\t\t\t\t<img fetchpriority=\"high\" decoding=\"async\" width=\"624\" height=\"659\" src=\"https:\/\/kimjonesusa.com\/wp-content\/uploads\/2024\/12\/Karol-2667ed91-1920w.webp\" class=\"attachment-full size-full wp-image-2625\" alt=\"Karol-2667ed91-1920w\" srcset=\"https:\/\/kimjonesusa.com\/wp-content\/uploads\/2024\/12\/Karol-2667ed91-1920w.webp 624w, https:\/\/kimjonesusa.com\/wp-content\/uploads\/2024\/12\/Karol-2667ed91-1920w-284x300.webp 284w\" sizes=\"(max-width: 624px) 100vw, 624px\" \/>\t\t\t\t\t\t\t\t\t\t\t\t\t\t\t<\/div>\n\t\t\t\t<\/div>\n\t\t\t\t\t<\/div>\n\t\t\t\t<\/div>\n\t\t<div class=\"elementor-element elementor-element-1f8150ad e-flex e-con-boxed e-con e-child\" data-id=\"1f8150ad\" data-element_type=\"container\" data-e-type=\"container\">\n\t\t\t\t\t<div class=\"e-con-inner\">\n\t\t\t\t<div class=\"elementor-element elementor-element-472768dd elementor-widget elementor-widget-heading\" data-id=\"472768dd\" data-element_type=\"widget\" data-e-type=\"widget\" data-widget_type=\"heading.default\">\n\t\t\t\t<div class=\"elementor-widget-container\">\n\t\t\t\t\t<h2 class=\"elementor-heading-title elementor-size-default\">Karol L\u00f3pez\n<\/h2>\t\t\t\t<\/div>\n\t\t\t\t<\/div>\n\t\t<div class=\"elementor-element elementor-element-4404c4c e-flex e-con-boxed e-con e-child\" data-id=\"4404c4c\" data-element_type=\"container\" data-e-type=\"container\">\n\t\t\t\t\t<div class=\"e-con-inner\">\n\t\t\t\t<div class=\"elementor-element elementor-element-75ce08eb elementor-widget elementor-widget-heading\" data-id=\"75ce08eb\" data-element_type=\"widget\" data-e-type=\"widget\" data-widget_type=\"heading.default\">\n\t\t\t\t<div class=\"elementor-widget-container\">\n\t\t\t\t\t<h2 class=\"elementor-heading-title elementor-size-default\">Asistente Legal<\/h2>\t\t\t\t<\/div>\n\t\t\t\t<\/div>\n\t\t\t\t\t<\/div>\n\t\t\t\t<\/div>\n\t\t\t\t<div class=\"elementor-element elementor-element-3313b45 elementor-widget elementor-widget-text-editor\" data-id=\"3313b45\" data-element_type=\"widget\" data-e-type=\"widget\" data-widget_type=\"text-editor.default\">\n\t\t\t\t<div class=\"elementor-widget-container\">\n\t\t\t\t\t\t\t\t\t<p>Karol es de Honduras, es una persona muy productiva, atenta y ambiciosa con m\u00e1s de 3 a\u00f1os trabajando en servicio al cliente y ventas.<\/p><p>Se desempe\u00f1a como asistente legal altamente profesional al representar a la firma como punto de contacto inicial para los clientes. Karol es una escucha experta que te guiar\u00e1 en el camino correcto para obtener la asistencia legal que necesitas.<\/p>\t\t\t\t\t\t\t\t<\/div>\n\t\t\t\t<\/div>\n\t\t\t\t\t<\/div>\n\t\t\t\t<\/div>\n\t\t\t\t<\/div>\n\t\t\t\t\t<\/div>\n\t\t\t\t<\/div>\n\t\t\t\t\t<\/div>\n\t\t\t\t<\/div>\n\t\t\t\t<\/div>\n\t\t","protected":false},"excerpt":{"rendered":"<p>Karol L\u00f3pez Asistente Legal Karol es de Honduras, es una persona muy productiva, atenta y ambiciosa con m\u00e1s de 3 a\u00f1os trabajando en servicio al cliente y ventas. Se desempe\u00f1a como asistente legal altamente profesional al representar a la firma como punto de contacto inicial para los clientes. Karol es una escucha experta que te [&hellip;]<\/p>\n","protected":false},"author":2,"featured_media":0,"parent":0,"menu_order":0,"comment_status":"closed","ping_status":"closed","template":"","meta":{"footnotes":""},"class_list":["post-2629","page","type-page","status-publish","hentry"],"yoast_head":"<!-- This site is optimized with the Yoast SEO plugin v27.3 - https:\/\/yoast.com\/product\/yoast-seo-wordpress\/ -->\n<title>Karol L\u00f3pez - kimjonesusa<\/title>\n<meta name=\"robots\" content=\"index, follow, max-snippet:-1, max-image-preview:large, max-video-preview:-1\" \/>\n<link rel=\"canonical\" href=\"https:\/\/kimjonesusa.com\/es\/karol-lopez\/\" \/>\n<meta property=\"og:locale\" content=\"es_ES\" \/>\n<meta property=\"og:type\" content=\"article\" \/>\n<meta property=\"og:title\" content=\"Karol L\u00f3pez - kimjonesusa\" \/>\n<meta property=\"og:description\" content=\"Karol L\u00f3pez Asistente Legal Karol es de Honduras, es una persona muy productiva, atenta y ambiciosa con m\u00e1s de 3 a\u00f1os trabajando en servicio al cliente y ventas. Se desempe\u00f1a como asistente legal altamente profesional al representar a la firma como punto de contacto inicial para los clientes. Karol es una escucha experta que te [&hellip;]\" \/>\n<meta property=\"og:url\" content=\"https:\/\/kimjonesusa.com\/es\/karol-lopez\/\" \/>\n<meta property=\"og:site_name\" content=\"kimjonesusa\" \/>\n<meta property=\"article:modified_time\" content=\"2024-12-17T17:14:25+00:00\" \/>\n<meta property=\"og:image\" content=\"https:\/\/kimjonesusa.com\/wp-content\/uploads\/2024\/12\/Karol-2667ed91-1920w.webp\" \/>\n\t<meta property=\"og:image:width\" content=\"624\" \/>\n\t<meta property=\"og:image:height\" content=\"659\" \/>\n\t<meta property=\"og:image:type\" content=\"image\/webp\" \/>\n<meta name=\"twitter:card\" content=\"summary_large_image\" \/>\n<meta name=\"twitter:label1\" content=\"Tiempo de lectura\" \/>\n\t<meta name=\"twitter:data1\" content=\"1 minuto\" \/>\n<script type=\"application\/ld+json\" class=\"yoast-schema-graph\">{\"@context\":\"https:\\\/\\\/schema.org\",\"@graph\":[{\"@type\":\"WebPage\",\"@id\":\"https:\\\/\\\/kimjonesusa.com\\\/es\\\/karol-lopez\\\/\",\"url\":\"https:\\\/\\\/kimjonesusa.com\\\/es\\\/karol-lopez\\\/\",\"name\":\"Karol L\u00f3pez - kimjonesusa\",\"isPartOf\":{\"@id\":\"https:\\\/\\\/kimjonesusa.com\\\/es\\\/#website\"},\"primaryImageOfPage\":{\"@id\":\"https:\\\/\\\/kimjonesusa.com\\\/es\\\/karol-lopez\\\/#primaryimage\"},\"image\":{\"@id\":\"https:\\\/\\\/kimjonesusa.com\\\/es\\\/karol-lopez\\\/#primaryimage\"},\"thumbnailUrl\":\"https:\\\/\\\/kimjonesusa.com\\\/wp-content\\\/uploads\\\/2024\\\/12\\\/Karol-2667ed91-1920w.webp\",\"datePublished\":\"2024-12-17T17:09:49+00:00\",\"dateModified\":\"2024-12-17T17:14:25+00:00\",\"breadcrumb\":{\"@id\":\"https:\\\/\\\/kimjonesusa.com\\\/es\\\/karol-lopez\\\/#breadcrumb\"},\"inLanguage\":\"es\",\"potentialAction\":[{\"@type\":\"ReadAction\",\"target\":[\"https:\\\/\\\/kimjonesusa.com\\\/es\\\/karol-lopez\\\/\"]}]},{\"@type\":\"ImageObject\",\"inLanguage\":\"es\",\"@id\":\"https:\\\/\\\/kimjonesusa.com\\\/es\\\/karol-lopez\\\/#primaryimage\",\"url\":\"https:\\\/\\\/kimjonesusa.com\\\/wp-content\\\/uploads\\\/2024\\\/12\\\/Karol-2667ed91-1920w.webp\",\"contentUrl\":\"https:\\\/\\\/kimjonesusa.com\\\/wp-content\\\/uploads\\\/2024\\\/12\\\/Karol-2667ed91-1920w.webp\"},{\"@type\":\"BreadcrumbList\",\"@id\":\"https:\\\/\\\/kimjonesusa.com\\\/es\\\/karol-lopez\\\/#breadcrumb\",\"itemListElement\":[{\"@type\":\"ListItem\",\"position\":1,\"name\":\"Home\",\"item\":\"https:\\\/\\\/kimjonesusa.com\\\/es\\\/\"},{\"@type\":\"ListItem\",\"position\":2,\"name\":\"Karol L\u00f3pez\"}]},{\"@type\":\"WebSite\",\"@id\":\"https:\\\/\\\/kimjonesusa.com\\\/es\\\/#website\",\"url\":\"https:\\\/\\\/kimjonesusa.com\\\/es\\\/\",\"name\":\"kimjonesusa\",\"description\":\"\",\"potentialAction\":[{\"@type\":\"SearchAction\",\"target\":{\"@type\":\"EntryPoint\",\"urlTemplate\":\"https:\\\/\\\/kimjonesusa.com\\\/es\\\/?s={search_term_string}\"},\"query-input\":{\"@type\":\"PropertyValueSpecification\",\"valueRequired\":true,\"valueName\":\"search_term_string\"}}],\"inLanguage\":\"es\"}]}<\/script>\n<!-- \/ Yoast SEO plugin. -->","yoast_head_json":{"title":"Karol L\u00f3pez - kimjonesusa","robots":{"index":"index","follow":"follow","max-snippet":"max-snippet:-1","max-image-preview":"max-image-preview:large","max-video-preview":"max-video-preview:-1"},"canonical":"https:\/\/kimjonesusa.com\/es\/karol-lopez\/","og_locale":"es_ES","og_type":"article","og_title":"Karol L\u00f3pez - kimjonesusa","og_description":"Karol L\u00f3pez Asistente Legal Karol es de Honduras, es una persona muy productiva, atenta y ambiciosa con m\u00e1s de 3 a\u00f1os trabajando en servicio al cliente y ventas. Se desempe\u00f1a como asistente legal altamente profesional al representar a la firma como punto de contacto inicial para los clientes. Karol es una escucha experta que te [&hellip;]","og_url":"https:\/\/kimjonesusa.com\/es\/karol-lopez\/","og_site_name":"kimjonesusa","article_modified_time":"2024-12-17T17:14:25+00:00","og_image":[{"width":624,"height":659,"url":"https:\/\/kimjonesusa.com\/wp-content\/uploads\/2024\/12\/Karol-2667ed91-1920w.webp","type":"image\/webp"}],"twitter_card":"summary_large_image","twitter_misc":{"Tiempo de lectura":"1 minuto"},"schema":{"@context":"https:\/\/schema.org","@graph":[{"@type":"WebPage","@id":"https:\/\/kimjonesusa.com\/es\/karol-lopez\/","url":"https:\/\/kimjonesusa.com\/es\/karol-lopez\/","name":"Karol L\u00f3pez - kimjonesusa","isPartOf":{"@id":"https:\/\/kimjonesusa.com\/es\/#website"},"primaryImageOfPage":{"@id":"https:\/\/kimjonesusa.com\/es\/karol-lopez\/#primaryimage"},"image":{"@id":"https:\/\/kimjonesusa.com\/es\/karol-lopez\/#primaryimage"},"thumbnailUrl":"https:\/\/kimjonesusa.com\/wp-content\/uploads\/2024\/12\/Karol-2667ed91-1920w.webp","datePublished":"2024-12-17T17:09:49+00:00","dateModified":"2024-12-17T17:14:25+00:00","breadcrumb":{"@id":"https:\/\/kimjonesusa.com\/es\/karol-lopez\/#breadcrumb"},"inLanguage":"es","potentialAction":[{"@type":"ReadAction","target":["https:\/\/kimjonesusa.com\/es\/karol-lopez\/"]}]},{"@type":"ImageObject","inLanguage":"es","@id":"https:\/\/kimjonesusa.com\/es\/karol-lopez\/#primaryimage","url":"https:\/\/kimjonesusa.com\/wp-content\/uploads\/2024\/12\/Karol-2667ed91-1920w.webp","contentUrl":"https:\/\/kimjonesusa.com\/wp-content\/uploads\/2024\/12\/Karol-2667ed91-1920w.webp"},{"@type":"BreadcrumbList","@id":"https:\/\/kimjonesusa.com\/es\/karol-lopez\/#breadcrumb","itemListElement":[{"@type":"ListItem","position":1,"name":"Home","item":"https:\/\/kimjonesusa.com\/es\/"},{"@type":"ListItem","position":2,"name":"Karol L\u00f3pez"}]},{"@type":"WebSite","@id":"https:\/\/kimjonesusa.com\/es\/#website","url":"https:\/\/kimjonesusa.com\/es\/","name":"kimjonesusa","description":"","potentialAction":[{"@type":"SearchAction","target":{"@type":"EntryPoint","urlTemplate":"https:\/\/kimjonesusa.com\/es\/?s={search_term_string}"},"query-input":{"@type":"PropertyValueSpecification","valueRequired":true,"valueName":"search_term_string"}}],"inLanguage":"es"}]}},"_links":{"self":[{"href":"https:\/\/kimjonesusa.com\/es\/wp-json\/wp\/v2\/pages\/2629","targetHints":{"allow":["GET"]}}],"collection":[{"href":"https:\/\/kimjonesusa.com\/es\/wp-json\/wp\/v2\/pages"}],"about":[{"href":"https:\/\/kimjonesusa.com\/es\/wp-json\/wp\/v2\/types\/page"}],"author":[{"embeddable":true,"href":"https:\/\/kimjonesusa.com\/es\/wp-json\/wp\/v2\/users\/2"}],"replies":[{"embeddable":true,"href":"https:\/\/kimjonesusa.com\/es\/wp-json\/wp\/v2\/comments?post=2629"}],"version-history":[{"count":3,"href":"https:\/\/kimjonesusa.com\/es\/wp-json\/wp\/v2\/pages\/2629\/revisions"}],"predecessor-version":[{"id":2632,"href":"https:\/\/kimjonesusa.com\/es\/wp-json\/wp\/v2\/pages\/2629\/revisions\/2632"}],"wp:attachment":[{"href":"https:\/\/kimjonesusa.com\/es\/wp-json\/wp\/v2\/media?parent=2629"}],"curies":[{"name":"wp","href":"https:\/\/api.w.org\/{rel}","templated":true}]}}